{"id":16376,"date":"2019-04-05T13:55:46","date_gmt":"2019-04-05T11:55:46","guid":{"rendered":"https:\/\/www.tuttiisensi.de\/?page_id=16376"},"modified":"2020-05-11T10:06:22","modified_gmt":"2020-05-11T08:06:22","slug":"cezanne-sales-cezanne-publishing","status":"publish","type":"page","link":"https:\/\/www.tuttiisensi.de\/?page_id=16376","title":{"rendered":"C\u00e9zanne Publishing"},"content":{"rendered":"\n<figure class=\"wp-block-table\"><table><tbody><tr><td>Unter der Marke C\u00e9zanne Publishing werden die Online-Publikationen<br><a href=\"http:\/\/www.tuttiisensi.de\">www.tuttiisensi.de<\/a><br><a href=\"http:\/\/www.deinenergieportal.de\">www.deinenergieportal.de<\/a><br>und<br><a href=\"http:\/\/www.sysbus.eu\">www.sysbus.eu<\/a><br>herausgeben.<br><br>C\u00e9zanne Publishing<br>Denise C\u00e9zanne-G\u00fcttich<br>Rotdornstra\u00dfe 2<br>D-41352 Korschenbroich-Glehn<br>Telefon: +49-(0)2182-57839-73<br>Email: denise@cezannesales.com<\/td><\/tr><\/tbody><\/table><\/figure>\n\n\n\n<p><\/p>\n","protected":false},"excerpt":{"rendered":"<p>Unter der Marke C\u00e9zanne Publishing werden die Online-Publikationenwww.tuttiisensi.dewww.deinenergieportal.deundwww.sysbus.euherausgeben. C\u00e9zanne PublishingDenise C\u00e9zanne-G\u00fcttichRotdornstra\u00dfe 2D-41352 Korschenbroich-GlehnTelefon: +49-(0)2182-57839-73Email: denise@cezannesales.com<\/p>\n","protected":false},"author":1,"featured_media":0,"parent":0,"menu_order":0,"comment_status":"closed","ping_status":"closed","template":"","meta":{"colormag_page_container_layout":"default_layout","colormag_page_sidebar_layout":"default_layout","footnotes":""},"class_list":["post-16376","page","type-page","status-publish","hentry"],"jetpack_sharing_enabled":true,"_links":{"self":[{"href":"https:\/\/www.tuttiisensi.de\/index.php?rest_route=\/wp\/v2\/pages\/16376","targetHints":{"allow":["GET"]}}],"collection":[{"href":"https:\/\/www.tuttiisensi.de\/index.php?rest_route=\/wp\/v2\/pages"}],"about":[{"href":"https:\/\/www.tuttiisensi.de\/index.php?rest_route=\/wp\/v2\/types\/page"}],"author":[{"embeddable":true,"href":"https:\/\/www.tuttiisensi.de\/index.php?rest_route=\/wp\/v2\/users\/1"}],"replies":[{"embeddable":true,"href":"https:\/\/www.tuttiisensi.de\/index.php?rest_route=%2Fwp%2Fv2%2Fcomments&post=16376"}],"version-history":[{"count":5,"href":"https:\/\/www.tuttiisensi.de\/index.php?rest_route=\/wp\/v2\/pages\/16376\/revisions"}],"predecessor-version":[{"id":18215,"href":"https:\/\/www.tuttiisensi.de\/index.php?rest_route=\/wp\/v2\/pages\/16376\/revisions\/18215"}],"wp:attachment":[{"href":"https:\/\/www.tuttiisensi.de\/index.php?rest_route=%2Fwp%2Fv2%2Fmedia&parent=16376"}],"curies":[{"name":"wp","href":"https:\/\/api.w.org\/{rel}","templated":true}]}}